{"id":89,"date":"2022-12-05T14:15:41","date_gmt":"2022-12-05T14:15:41","guid":{"rendered":"https:\/\/spesaingenieria.spesa.es\/?page_id=89"},"modified":"2022-12-15T12:59:29","modified_gmt":"2022-12-15T12:59:29","slug":"mi-primer-modulo-chispas","status":"publish","type":"page","link":"https:\/\/spesaingenieria.spesa.es\/?page_id=89","title":{"rendered":"Clientes"},"content":{"rendered":"<blockquote><p>Nuestra satisfacci\u00f3n, volver a vernos.<\/p><\/blockquote>\n<p>Con un elevado nivel de experiencia y habiendo alcanzado un alto grado de diversificaci\u00f3n, garantiza a sus clientes un seguimiento real del desarrollo del proyecto, donde<strong> establece las pautas y estrategias que aseguran satisfacer las necesidades requeridas al inicio del servicio.<\/strong><\/p>\n<p>SPESA no solo tiene clientes destacados en las Administraciones P\u00fablicas sino entre las grandes empresas del sector privado. Los trabajos profesionales no s\u00f3lo se desarrollan en Espa\u00f1a sino en\u00a0<strong>cualquier parte del mundo<\/strong>\u00a0(Australia, Chile, Italia&#8230;) donde sus clientes soliciten la experiencia de una empresa especializada y de calidad que les proporcione los mejores servicios de Ingenier\u00eda y consulting.<\/p>\n","protected":false},"excerpt":{"rendered":"<p>Nuestra satisfacci\u00f3n, volver a vernos. Con un elevado nivel de experiencia y habiendo alcanzado un alto grado de diversificaci\u00f3n, garantiza a sus clientes un seguimiento real del desarrollo del proyecto, donde establece las pautas y estrategias que aseguran satisfacer las necesidades requeridas al inicio del servicio. SPESA no solo tiene clientes destacados en las Administraciones [&hellip;]<\/p>\n","protected":false},"author":1,"featured_media":226,"parent":0,"menu_order":0,"comment_status":"closed","ping_status":"closed","template":"","meta":[],"blog_post_layout_featured_media_urls":{"thumbnail":["https:\/\/spesaingenieria.spesa.es\/wp-content\/uploads\/2022\/12\/spesa_ingenieria_clientes-1-150x150.jpg",150,150,true],"full":["https:\/\/spesaingenieria.spesa.es\/wp-content\/uploads\/2022\/12\/spesa_ingenieria_clientes-1.jpg",1596,1024,false]},"categories_names":null,"comments_number":"0","wpmagazine_modules_lite_featured_media_urls":{"thumbnail":["https:\/\/spesaingenieria.spesa.es\/wp-content\/uploads\/2022\/12\/spesa_ingenieria_clientes-1-150x150.jpg",150,150,true],"cvmm-medium":["https:\/\/spesaingenieria.spesa.es\/wp-content\/uploads\/2022\/12\/spesa_ingenieria_clientes-1-300x300.jpg",300,300,true],"cvmm-medium-plus":["https:\/\/spesaingenieria.spesa.es\/wp-content\/uploads\/2022\/12\/spesa_ingenieria_clientes-1-305x207.jpg",305,207,true],"cvmm-portrait":["https:\/\/spesaingenieria.spesa.es\/wp-content\/uploads\/2022\/12\/spesa_ingenieria_clientes-1-400x600.jpg",400,600,true],"cvmm-medium-square":["https:\/\/spesaingenieria.spesa.es\/wp-content\/uploads\/2022\/12\/spesa_ingenieria_clientes-1-600x600.jpg",600,600,true],"cvmm-large":["https:\/\/spesaingenieria.spesa.es\/wp-content\/uploads\/2022\/12\/spesa_ingenieria_clientes-1-1024x1024.jpg",1024,1024,true],"cvmm-small":["https:\/\/spesaingenieria.spesa.es\/wp-content\/uploads\/2022\/12\/spesa_ingenieria_clientes-1-130x95.jpg",130,95,true],"full":["https:\/\/spesaingenieria.spesa.es\/wp-content\/uploads\/2022\/12\/spesa_ingenieria_clientes-1.jpg",1596,1024,false]},"_links":{"self":[{"href":"https:\/\/spesaingenieria.spesa.es\/index.php?rest_route=\/wp\/v2\/pages\/89"}],"collection":[{"href":"https:\/\/spesaingenieria.spesa.es\/index.php?rest_route=\/wp\/v2\/pages"}],"about":[{"href":"https:\/\/spesaingenieria.spesa.es\/index.php?rest_route=\/wp\/v2\/types\/page"}],"author":[{"embeddable":true,"href":"https:\/\/spesaingenieria.spesa.es\/index.php?rest_route=\/wp\/v2\/users\/1"}],"replies":[{"embeddable":true,"href":"https:\/\/spesaingenieria.spesa.es\/index.php?rest_route=%2Fwp%2Fv2%2Fcomments&post=89"}],"version-history":[{"count":4,"href":"https:\/\/spesaingenieria.spesa.es\/index.php?rest_route=\/wp\/v2\/pages\/89\/revisions"}],"predecessor-version":[{"id":227,"href":"https:\/\/spesaingenieria.spesa.es\/index.php?rest_route=\/wp\/v2\/pages\/89\/revisions\/227"}],"wp:featuredmedia":[{"embeddable":true,"href":"https:\/\/spesaingenieria.spesa.es\/index.php?rest_route=\/wp\/v2\/media\/226"}],"wp:attachment":[{"href":"https:\/\/spesaingenieria.spesa.es\/index.php?rest_route=%2Fwp%2Fv2%2Fmedia&parent=89"}],"curies":[{"name":"wp","href":"https:\/\/api.w.org\/{rel}","templated":true}]}}