{"id":7,"date":"2022-12-01T11:42:43","date_gmt":"2022-12-01T11:42:43","guid":{"rendered":"https:\/\/spesaingenieria.spesa.es\/?page_id=7"},"modified":"2022-12-01T12:35:31","modified_gmt":"2022-12-01T12:35:31","slug":"contacto","status":"publish","type":"page","link":"https:\/\/spesaingenieria.spesa.es\/?page_id=7","title":{"rendered":"Contacto"},"content":{"rendered":"\n<p>Si necesita ponerse en contacto con un responsable de departamento o proyecto para solicitar un <strong>presupuesto<\/strong> o consultar una colaboraci\u00f3n puede llamar al 976 41 01 47 o escribir un correo a\u00a0<a href=\"javascript:void(location.href=&quot;mai&quot;+&quot;lto:spesa&quot;+&quot;\\100&quot;+&quot;spesa.&quot;+&quot;es&quot;)\">spesa\u200b@\u200bspesa.es<\/a><\/p>\n\n\n\n<figure class=\"wp-block-table\"><table><tbody><tr><td class=\"has-text-align-right\" data-align=\"right\">Direcci\u00f3n<\/td><td>Av. C\u00e9sar Augusto 3, 10\u00baC<\/td><\/tr><tr><td class=\"has-text-align-right\" data-align=\"right\">C\u00f3digo Postal<\/td><td>50.004<\/td><\/tr><tr><td class=\"has-text-align-right\" data-align=\"right\">Localidad<\/td><td>Zaragoza (Espa\u00f1a)<\/td><\/tr><tr><td class=\"has-text-align-right\" data-align=\"right\">Tel\u00e9fono<\/td><td>+34 976 41 01 47 &#8211; +34 976 13 47 87<\/td><\/tr><tr><td class=\"has-text-align-right\" data-align=\"right\">E-mail<\/td><td><strong>spesa@spesa<\/strong><\/td><\/tr><tr><td class=\"has-text-align-right\" data-align=\"right\">P\u00e1gina Web<\/td><td>www.spesa.es<\/td><\/tr><\/tbody><\/table><\/figure>\n","protected":false},"excerpt":{"rendered":"<p>Si necesita ponerse en contacto con un responsable de departamento o proyecto para solicitar un presupuesto o consultar una colaboraci\u00f3n puede llamar al 976 41 01 47 o escribir un correo a\u00a0spesa\u200b@\u200bspesa.es Direcci\u00f3n Av. C\u00e9sar Augusto 3, 10\u00baC C\u00f3digo Postal 50.004 Localidad Zaragoza (Espa\u00f1a) Tel\u00e9fono +34 976 41 01 47 &#8211; +34 976 13 47 [&hellip;]<\/p>\n","protected":false},"author":1,"featured_media":0,"parent":0,"menu_order":0,"comment_status":"closed","ping_status":"closed","template":"","meta":[],"blog_post_layout_featured_media_urls":{"thumbnail":"","full":""},"categories_names":null,"comments_number":"0","wpmagazine_modules_lite_featured_media_urls":{"thumbnail":"","cvmm-medium":"","cvmm-medium-plus":"","cvmm-portrait":"","cvmm-medium-square":"","cvmm-large":"","cvmm-small":"","full":""},"_links":{"self":[{"href":"https:\/\/spesaingenieria.spesa.es\/index.php?rest_route=\/wp\/v2\/pages\/7"}],"collection":[{"href":"https:\/\/spesaingenieria.spesa.es\/index.php?rest_route=\/wp\/v2\/pages"}],"about":[{"href":"https:\/\/spesaingenieria.spesa.es\/index.php?rest_route=\/wp\/v2\/types\/page"}],"author":[{"embeddable":true,"href":"https:\/\/spesaingenieria.spesa.es\/index.php?rest_route=\/wp\/v2\/users\/1"}],"replies":[{"embeddable":true,"href":"https:\/\/spesaingenieria.spesa.es\/index.php?rest_route=%2Fwp%2Fv2%2Fcomments&post=7"}],"version-history":[{"count":2,"href":"https:\/\/spesaingenieria.spesa.es\/index.php?rest_route=\/wp\/v2\/pages\/7\/revisions"}],"predecessor-version":[{"id":32,"href":"https:\/\/spesaingenieria.spesa.es\/index.php?rest_route=\/wp\/v2\/pages\/7\/revisions\/32"}],"wp:attachment":[{"href":"https:\/\/spesaingenieria.spesa.es\/index.php?rest_route=%2Fwp%2Fv2%2Fmedia&parent=7"}],"curies":[{"name":"wp","href":"https:\/\/api.w.org\/{rel}","templated":true}]}}